{"id":23,"date":"2016-02-26T20:26:55","date_gmt":"2016-02-26T20:26:55","guid":{"rendered":"http:\/\/alergoasma.es\/web01\/?page_id=23"},"modified":"2026-04-20T11:42:47","modified_gmt":"2026-04-20T11:42:47","slug":"recuento-de-polenes","status":"publish","type":"page","link":"https:\/\/www.alergoasma.es\/web01\/recuento-de-polenes\/","title":{"rendered":"Recuento de polen en Salamanca"},"content":{"rendered":"\n<p class=\"wp-block-paragraph\">Semana del 13 al 19 de abril:<\/p>\n\n\n\n<p class=\"wp-block-paragraph\">Gram\u00edneas: bajo<\/p>\n\n\n\n<p class=\"wp-block-paragraph\">Olivo: cero<\/p>\n\n\n\n<p class=\"wp-block-paragraph\">Ariz\u00f3nica: cero<\/p>\n\n\n\n<p class=\"wp-block-paragraph\">Aliso: cero<\/p>\n\n\n\n<p class=\"wp-block-paragraph\">Chopo: cero<\/p>\n\n\n\n<p class=\"wp-block-paragraph\">Platanero: bajo<\/p>\n\n\n\n<p class=\"wp-block-paragraph\">Plantago: cero<\/p>\n\n\n\n<figure class=\"wp-block-image size-full\"><a href=\"https:\/\/www.alergoasma.es\/web01\/wp-content\/uploads\/2026\/04\/Captura-de-pantalla-2026-04-20-134217.jpg\"><img fetchpriority=\"high\" decoding=\"async\" width=\"1417\" height=\"455\" src=\"https:\/\/www.alergoasma.es\/web01\/wp-content\/uploads\/2026\/04\/Captura-de-pantalla-2026-04-20-134217.jpg\" alt=\"\" class=\"wp-image-1440\" srcset=\"https:\/\/www.alergoasma.es\/web01\/wp-content\/uploads\/2026\/04\/Captura-de-pantalla-2026-04-20-134217.jpg 1417w, https:\/\/www.alergoasma.es\/web01\/wp-content\/uploads\/2026\/04\/Captura-de-pantalla-2026-04-20-134217-300x96.jpg 300w, https:\/\/www.alergoasma.es\/web01\/wp-content\/uploads\/2026\/04\/Captura-de-pantalla-2026-04-20-134217-766x246.jpg 766w\" sizes=\"(max-width: 767px) 89vw, (max-width: 1000px) 54vw, (max-width: 1071px) 543px, 580px\" \/><\/a><\/figure>\n\n\n\n<p class=\"wp-block-paragraph\">Resumen del \u00faltimos meses (Fuente: SEAIC, www.polenes.com)<\/p>\n\n\n\n\n","protected":false},"excerpt":{"rendered":"<p>Semana del 13 al 19 de abril: Gram\u00edneas: bajo Olivo: cero Ariz\u00f3nica: cero Aliso: cero Chopo: cero Platanero: bajo Plantago: cero Resumen del \u00faltimos meses (Fuente: SEAIC, www.polenes.com)<\/p>\n","protected":false},"author":1,"featured_media":0,"parent":0,"menu_order":0,"comment_status":"closed","ping_status":"closed","template":"","meta":{"_crdt_document":"{\"document\":\"AAAMnIyJkhzlmtGqCNYBwwGqJIQJ+ATQAXDoJKQr7CaKAoQEkh0GAkrQF7oFCASUAwgEhAH2HT6IAQQCCAIKBAKYBAaEAga+Awa6BQS2BQMABAMABo4DAwAEAwAGPgSABgQCAQIKAhYOEnhKAJwBAQIKAkJKADABAgoCDlBKACgBAgoCFlhKADABAgoCQkoAKAECCgIOUEoAKAECCgJCSgAwAQIKAkJKAC4BAgoBBEoAHAECCgJCSgCGAgECCkoAEAECCkrCCSC4COoIEqII3isehisjoi3WCKQIBOwmigKEBIAGugUIBJQDCASEAawGAA4SAPwiHgCFAigAxAGEAsQEqAIoAMQHIQAoAicABAAnAAQAgQCEAIEAhACBAIQAgQCEAIEAhACBAIQAgQCEAIEAhAGBAIQAgQCEAIEAhAGBAIQAgQCEAIEAhACBAIQAJwAoBCcAKAAnAAcAIQAoAicBBACBAYQAKAAnAIcAKAMnAQQAKAAnAIcAKAMnAQQAhAAoACcAhwAoAycBBACEACgAJwCHACgDJwEEACgAJwCHACgDJwEEAIQAKAAnAIcAKAMnAQQAKAAnAIcAKAMnAQQAKAAnAIcAKAMnACgBJwAoAycAhwAoAycBBAAoACcAhwAoAycAKAAnAIcAKAMnACgAJwAoAagAxATBAMQAwcUUgxNzdGF0ZXZlcnNpb24xMzljZXJvY2Vyb2Nlcm8xMzljZXJjZXJjZXJsaW5rNDAyMzQxNzIzNDE3NDBzdGF0ZXZlcnNpb25kb2N1bWVudGRhdGVkb2N1bWVudHNsdWdkb2N1bWVudHN0YXR1c2RvY3VtZW50dGl0bGVSZWN1ZW50byBkZSBwb2xlbiBlbiBTYWxhbWFuY2Fkb2N1bWVudGNvbnRlbnQ8IS0tIHdwOnBhcmFncmFwaCAtLT4KPHA+U2VtYW5hIGRlbCAgYWwgIGRlIGFicmlsOjwvcD4KPCEtLSAvd3A6cGFyYWdyYXBoIC0tPgoKPCEtLSB3cDpwYXJhZ3JhcGggLS0+CjxwPkdyYW3DrW5lYXM6IGJham88L3A+CjwhLS0gL3dwOnBhcmFncmFwaCAtLT4KCjwhLS0gd3A6cGFyYWdyYXBoIC0tPgo8cD5PbGl2bzogbzwvcD4KPCEtLSAvd3A6cGFyYWdyYXBoIC0tPgoKPCEtLSB3cDpwYXJhZ3JhcGggLS0+CjxwPkFyaXrDs25pY2E6IG88L3A+CjwhLS0gL3dwOnBhcmFncmFwaCAtLT4KCjwhLS0gd3A6cGFyYWdyYXBoIC0tPgo8cD5BbGlzbzogY2VybzwvcD4KPCEtLSAvd3A6cGFyYWdyYXBoIC0tPgoKPCEtLSB3cDpwYXJhZ3JhcGggLS0+CjxwPkNob3BvOiBvPC9wPgo8IS0tIC93cDpwYXJhZ3JhcGggLS0+Cgo8IS0tIHdwOnBhcmFncmFwaCAtLT4KPHA+UGxhdGFuZXJvOiBiYWpvPC9wPgo8IS0tIC93cDpwYXJhZ3JhcGggLS0+Cgo8IS0tIHdwOnBhcmFncmFwaCAtLT4KPHA+UGxhbnRhZ286IGNlcm88L3A+CjwhLS0gL3dwOnBhcmFncmFwaCAtLT4KCjwhLS0gd3A6aW1hZ2UgeyJpZCI6MTQsInNpemVTbHVnIjoiZnVsbCIsImxpbmtEZXN0aW5hdGlvbiI6Im1lZGlhIn0gLS0+CjxmaWd1cmUgY2xhc3M9IndwLWJsb2NrLWltYWdlIHNpemUtZnVsbCI+PGEgaHJlZj0iaHR0cHM6Ly93d3cuYWxlcmdvYXNtYS5lcy93ZWIwMS93cC1jb250ZW50L3VwbG9hZHMvMjAyNi8wNC9DYXB0dXJhLWRlLXBhbnRhbGxhLTIwMjYtMDQtMC0xMi5qcGciPjxpbWcgc3JjPSJodHRwczovL3d3dy5hbGVyZ29hc21hLmVzL3dlYjAxL3dwLWNvbnRlbnQvdXBsb2Fkcy8yMDI2LzA0L0NhcHR1cmEtZGUtcGFudGFsbGEtMjAyNi0wNC0wLTEyLmpwZyIgYWx0PSIiIGNsYXNzPSJ3cC1pbWFnZS0xNCIvPjwvYT48L2ZpZ3VyZT4KPCEtLSAvd3A6aW1hZ2UgLS0+Cgo8IS0tIHdwOnBhcmFncmFwaCAtLT4KPHA+UmVzdW1lbiBkZWwgw7psdGltb3MgbWVzZXMgKEZ1ZW50ZTogU0VBSUMsIHd3dy5wb2xlbmVzLmNvbSk8L3A+CjwhLS0gL3dwOnBhcmFncmFwaCAtLT4KCjwhLS0gd3A6aHRtbCAvLS0+Cgo8IS0tIHdwOmh0bWwgLy0tPmRvY3VtZW50ZXhjZXJwdGRvY3VtZW50YXV0aG9yZG9jdW1lbnRmZWF0dXJlZF9tZWRpYWRvY3VtZW50Y29tbWVudF9zdGF0dXNkb2N1bWVudHBpbmdfc3RhdHVzZG9jdW1lbnR0ZW1wbGF0ZWRvY3VtZW50bWV0YWZvb3Rub3Rlc2RvY3VtZW50YmxvY2tzY2xpZW50SWRpc1ZhbGlkb3JpZ2luYWxDb250ZW50bmFtZWF0dHJpYnV0ZXNjb250ZW50U2VtYW5hIGRlbCAgZGUgYWJyaWw6ZHJvcENhcGlubmVyQmxvY2tzY2xpZW50SWRpc1ZhbGlkb3JpZ2luYWxDb250ZW50bmFtZWF0dHJpYnV0ZXNjb250ZW50R3JhbcOtbmVhczogYmFqb2Ryb3BDYXBpbm5lckJsb2Nrc2NsaWVudElkaXNWYWxpZG9yaWdpbmFsQ29udGVudG5hbWVhdHRyaWJ1dGVzY29udGVudE9saXZvOiBudWxvZHJvcENhcGlubmVyQmxvY2tzY2xpZW50SWRpc1ZhbGlkb3JpZ2luYWxDb250ZW50bmFtZWF0dHJpYnV0ZXNjb250ZW50QXJpesOzbmljYTogYmFqb2Ryb3BDYXBpbm5lckJsb2Nrc2NsaWVudElkaXNWYWxpZG9yaWdpbmFsQ29udGVudG5hbWVhdHRyaWJ1dGVzY29udGVudEFsaXNvOiBjZXJvZHJvcENhcGlubmVyQmxvY2tzY2xpZW50SWRpc1ZhbGlkb3JpZ2luYWxDb250ZW50bmFtZWF0dHJpYnV0ZXNjb250ZW50Q2hvcG86IGJham9kcm9wQ2FwaW5uZXJCbG9ja3NjbGllbnRJZGlzVmFsaWRvcmlnaW5hbENvbnRlbnRuYW1lYXR0cmlidXRlc2NvbnRlbnRQbGF0YW5lcm86IGJham9kcm9wQ2FwaW5uZXJCbG9ja3NjbGllbnRJZGlzVmFsaWRvcmlnaW5hbENvbnRlbnRuYW1lYXR0cmlidXRlc2NvbnRlbnRQbGFudGFnbzogY2Vyb2Ryb3BDYXBpbm5lckJsb2Nrc2NsaWVudElkaXNWYWxpZG9yaWdpbmFsQ29udGVudG5hbWVhdHRyaWJ1dGVzdXJsYWx0Y2FwdGlvbmhyZWZpZHNpemVTbHVnbGlua0Rlc3RpbmF0aW9uaW5uZXJCbG9ja3NjbGllbnRJZGlzVmFsaWRvcmlnaW5hbENvbnRlbnRuYW1lYXR0cmlidXRlc2NvbnRlbnRSZXN1bWVuIGRlbCDDumx0aW1vcyBtZXNlcyAoRnVlbnRlOiBTRUFJQywgd3d3LnBvbGVuZXMuY29tKWRyb3BDYXBpbm5lckJsb2Nrc2NsaWVudElkaXNWYWxpZG9yaWdpbmFsQ29udGVudG5hbWVhdHRyaWJ1dGVzY29udGVudGlubmVyQmxvY2tzY2xpZW50SWRpc1ZhbGlkb3JpZ2luYWxDb250ZW50bmFtZWF0dHJpYnV0ZXNjb250ZW50aW5uZXJCbG9ja3NzdGF0ZXNhdmVkQXRzdGF0ZXNhdmVkQnk2IGFsIDEyMQUHAgFEAQIBQwEEAgFCAAFCAQUHCAQIBAgGCAUeCAckQQACjAKCAb8BvQK7AgECAacBAQIBH7kCCAcIBggOCA4IC0gBBAkIBggHDwQKBwsKBwsIBw8ECgcPBwsIBw8ECkcABAcLCAcPBAoHCwQHCwgHDwQKBwsHCwgHDwQKRwAEBwsIBw8ECgcPBwsIBw8ECgcOBwsIBw8ECkMABwQCCA8LCAcPBAoHOgcLCAcPBAoHCwgHDwQKBwsFBwUHAQNBAhUBAAAAAQQAAAEAAAABBgAAAQAAbAEyQgEBAEEAAgBBAAIAQQACAEEAAgBBAAIAQQACAEEAAgBBAAIAQQACAEEAAgBBAABBAAAWQQcCBAUBQwECQQADQQADAkEIBwlBQAIXAH0Bd2RodHRwczovL3d3dy5hbGVyZ29hc21hLmVzL3dlYjAxL3dwLWNvbnRlbnQvdXBsb2Fkcy8yMDI2LzA0L0NhcHR1cmEtZGUtcGFudGFsbGEtMjAyNi0wNC0yMC0xMzQyMTcuanBnd2RodHRwczovL3d3dy5hbGVyZ29hc21hLmVzL3dlYjAxL3dwLWNvbnRlbnQvdXBsb2Fkcy8yMDI2LzA0L0NhcHR1cmEtZGUtcGFudGFsbGEtMjAyNi0wNC0yMC0xMzQyMTcuanBnfaAWd1podHRwczovL3d3dy5hbGVyZ29hc21hLmVzL3dlYjAxL3JlY3VlbnRvLWRlLXBvbGVuZXMvY2FwdHVyYS1kZS1wYW50YWxsYS0yMDI2LTA0LTIwLTEzNDIxNy+6AQB3EzIwMTYtMDItMjZUMjA6MjY6NTV3E3JlY3VlbnRvLWRlLXBvbGVuZXN3B3B1Ymxpc2h9AX0AdwZjbG9zZWR3BmNsb3NlZHcAdwB4dyw8cD5TZW1hbmEgZGVsIDMwIGRlIG1hcnpvIGFsIDUgZGUgYWJyaWw6PC9wPncOY29yZS9wYXJhZ3JhcGh5dyQwN2RjNzVhMy00ZjEzLTQ3ZWQtODUxOC1jZjQ1M2E5NTljMmN4dxc8cD5HcmFtw61uZWFzOiBiYWpvPC9wPncOY29yZS9wYXJhZ3JhcGh5dyQ0MTFiYjllMy0xMTM2LTQyZWQtOTk1ZC04OTgyNzE5YTNiMTh4dxI8cD5PbGl2bzogbnVsbzwvcD53DmNvcmUvcGFyYWdyYXBoeXckM2M1Yjc4Y2ItNDc1Ny00ZGM2LTg2NGQtMTBiNjQwMDVhNWJheHcXPHA+QXJpesOzbmljYTogYmFqbzwvcD53DmNvcmUvcGFyYWdyYXBoeXckNmY5ZGQ1ODQtNWNkNi00NjQ5LWFlYTAtNGIzODFiYzQ5Yzg4eHcSPHA+QWxpc286IGNlcm88L3A+dw5jb3JlL3BhcmFncmFwaHl3JGE5NTk3YWNhLTcyMDctNDRkYS1iYjcwLWFjZTRjNjFlN2JkZXh3EjxwPkNob3BvOiBiYWpvPC9wPncOY29yZS9wYXJhZ3JhcGh5dyQzMDkzOTY3Zi0wZGE5LTQ4ODMtOTZmZi04NjY4YTZkZGZiODB4dxY8cD5QbGF0YW5lcm86IGJham88L3A+dw5jb3JlL3BhcmFncmFwaHl3JDUyN2M5NDYzLTlhOTMtNGU3Ni1iOTU1LTA5YTcwNTYyYThjYnh3FTxwPlBsYW50YWdvOiBjZXJvPC9wPncOY29yZS9wYXJhZ3JhcGh5dyQxY2NlMDgwYS04N2IwLTQ1ZjYtOTY0Mi1kMzg5ODgzYTRmY2J4d7MCPGZpZ3VyZSBjbGFzcz0id3AtYmxvY2staW1hZ2Ugc2l6ZS1mdWxsIj48YSBocmVmPSJodHRwczovL3d3dy5hbGVyZ29hc21hLmVzL3dlYjAxL3dwLWNvbnRlbnQvdXBsb2Fkcy8yMDI2LzA0L0NhcHR1cmEtZGUtcGFudGFsbGEtMjAyNi0wNC0wNi0xNzI5MjIuanBnIj48aW1nIHNyYz0iaHR0cHM6Ly93d3cuYWxlcmdvYXNtYS5lcy93ZWIwMS93cC1jb250ZW50L3VwbG9hZHMvMjAyNi8wNC9DYXB0dXJhLWRlLXBhbnRhbGxhLTIwMjYtMDQtMDYtMTcyOTIyLmpwZyIgYWx0PSIiIGNsYXNzPSJ3cC1pbWFnZS0xNDMxIi8+PC9hPjwvZmlndXJlPncKY29yZS9pbWFnZXdkaHR0cHM6Ly93d3cuYWxlcmdvYXNtYS5lcy93ZWIwMS93cC1jb250ZW50L3VwbG9hZHMvMjAyNi8wNC9DYXB0dXJhLWRlLXBhbnRhbGxhLTIwMjYtMDQtMDYtMTcyOTIyLmpwZ3cAd2RodHRwczovL3d3dy5hbGVyZ29hc21hLmVzL3dlYjAxL3dwLWNvbnRlbnQvdXBsb2Fkcy8yMDI2LzA0L0NhcHR1cmEtZGUtcGFudGFsbGEtMjAyNi0wNC0wNi0xNzI5MjIuanBnfZcWdwRmdWxsdwVtZWRpYXckZTFlNTQyOWQtOWRlMi00OWEyLWJlM2QtYjNhY2U3YjY3ZmJleHdCPHA+UmVzdW1lbiBkZWwgw7psdGltb3MgbWVzZXMgKEZ1ZW50ZTogU0VBSUMsIHd3dy5wb2xlbmVzLmNvbSk8L3A+dw5jb3JlL3BhcmFncmFwaHl3JDNlNDU4ZjFiLWU3N2YtNDUyNC05MTA2LTZmMDMwMzE4YzZlZXh3AHcJY29yZS9odG1sdwB3JDJmOTM4NmMxLTZhNWQtNGYyYy05OTc0LTkxMDc1MjMwZDRiOXh3AHcJY29yZS9odG1sdwB7QnnYarWFEAB9pZrRqgh3JDFjMGMyOTJlLTEzMWYtNGRjMS1iOWJhLWMzMjQzZTVlYjE2ZgGlzaiVBBoAAEcBAQMBBAIAjAECQgJ\/Ar0BAbwBAAIAAQJoAAIAAQIfAcMBABAPMgMUAyQDNwACAVkABQEBAA==\",\"updateId\":592899100}","footnotes":""},"class_list":["post-23","page","type-page","status-publish","hentry"],"yoast_head":"<!-- This site is optimized with the Yoast SEO plugin v27.4 - https:\/\/yoast.com\/product\/yoast-seo-wordpress\/ -->\n<title>P\u00f3lenes en el aire de Salamanca %<\/title>\n<meta name=\"description\" content=\"P\u00f3lenes alerg\u00e9nicos en Salamanca\" \/>\n<meta name=\"robots\" content=\"index, follow, max-snippet:-1, max-image-preview:large, max-video-preview:-1\" \/>\n<link rel=\"canonical\" href=\"https:\/\/www.alergoasma.es\/web01\/recuento-de-polenes\/\" \/>\n<meta property=\"og:locale\" content=\"es_ES\" \/>\n<meta property=\"og:type\" content=\"article\" \/>\n<meta property=\"og:title\" content=\"P\u00f3lenes en el aire de Salamanca %\" \/>\n<meta property=\"og:description\" content=\"P\u00f3lenes alerg\u00e9nicos en Salamanca\" \/>\n<meta property=\"og:url\" content=\"https:\/\/www.alergoasma.es\/web01\/recuento-de-polenes\/\" \/>\n<meta property=\"og:site_name\" content=\"Alergoasma\" \/>\n<meta property=\"article:modified_time\" content=\"2026-04-20T11:42:47+00:00\" \/>\n<meta property=\"og:image\" content=\"https:\/\/www.alergoasma.es\/web01\/wp-content\/uploads\/2026\/04\/Captura-de-pantalla-2026-04-20-134217.jpg\" \/>\n\t<meta property=\"og:image:width\" content=\"1417\" \/>\n\t<meta property=\"og:image:height\" content=\"455\" \/>\n\t<meta property=\"og:image:type\" content=\"image\/jpeg\" \/>\n<meta name=\"twitter:card\" content=\"summary_large_image\" \/>\n<meta name=\"twitter:site\" content=\"@alergoasma\" \/>\n<meta name=\"twitter:label1\" content=\"Tiempo de lectura\" \/>\n\t<meta name=\"twitter:data1\" content=\"1 minuto\" \/>\n<script type=\"application\/ld+json\" class=\"yoast-schema-graph\">{\"@context\":\"https:\\\/\\\/schema.org\",\"@graph\":[{\"@type\":\"WebPage\",\"@id\":\"https:\\\/\\\/www.alergoasma.es\\\/web01\\\/recuento-de-polenes\\\/\",\"url\":\"https:\\\/\\\/www.alergoasma.es\\\/web01\\\/recuento-de-polenes\\\/\",\"name\":\"P\u00f3lenes en el aire de Salamanca %\",\"isPartOf\":{\"@id\":\"http:\\\/\\\/www.alergoasma.es\\\/web01\\\/#website\"},\"primaryImageOfPage\":{\"@id\":\"https:\\\/\\\/www.alergoasma.es\\\/web01\\\/recuento-de-polenes\\\/#primaryimage\"},\"image\":{\"@id\":\"https:\\\/\\\/www.alergoasma.es\\\/web01\\\/recuento-de-polenes\\\/#primaryimage\"},\"thumbnailUrl\":\"https:\\\/\\\/www.alergoasma.es\\\/web01\\\/wp-content\\\/uploads\\\/2026\\\/04\\\/Captura-de-pantalla-2026-04-20-134217.jpg\",\"datePublished\":\"2016-02-26T20:26:55+00:00\",\"dateModified\":\"2026-04-20T11:42:47+00:00\",\"description\":\"P\u00f3lenes alerg\u00e9nicos en Salamanca\",\"breadcrumb\":{\"@id\":\"https:\\\/\\\/www.alergoasma.es\\\/web01\\\/recuento-de-polenes\\\/#breadcrumb\"},\"inLanguage\":\"es\",\"potentialAction\":[{\"@type\":\"ReadAction\",\"target\":[\"https:\\\/\\\/www.alergoasma.es\\\/web01\\\/recuento-de-polenes\\\/\"]}]},{\"@type\":\"ImageObject\",\"inLanguage\":\"es\",\"@id\":\"https:\\\/\\\/www.alergoasma.es\\\/web01\\\/recuento-de-polenes\\\/#primaryimage\",\"url\":\"https:\\\/\\\/www.alergoasma.es\\\/web01\\\/wp-content\\\/uploads\\\/2026\\\/04\\\/Captura-de-pantalla-2026-04-20-134217.jpg\",\"contentUrl\":\"https:\\\/\\\/www.alergoasma.es\\\/web01\\\/wp-content\\\/uploads\\\/2026\\\/04\\\/Captura-de-pantalla-2026-04-20-134217.jpg\",\"width\":1417,\"height\":455},{\"@type\":\"BreadcrumbList\",\"@id\":\"https:\\\/\\\/www.alergoasma.es\\\/web01\\\/recuento-de-polenes\\\/#breadcrumb\",\"itemListElement\":[{\"@type\":\"ListItem\",\"position\":1,\"name\":\"Portada\",\"item\":\"http:\\\/\\\/www.alergoasma.es\\\/web01\\\/\"},{\"@type\":\"ListItem\",\"position\":2,\"name\":\"Recuento de polen en Salamanca\"}]},{\"@type\":\"WebSite\",\"@id\":\"http:\\\/\\\/www.alergoasma.es\\\/web01\\\/#website\",\"url\":\"http:\\\/\\\/www.alergoasma.es\\\/web01\\\/\",\"name\":\"Alergoasma\",\"description\":\"Clinica de alergia y asma en Salamanca\",\"publisher\":{\"@id\":\"http:\\\/\\\/www.alergoasma.es\\\/web01\\\/#organization\"},\"potentialAction\":[{\"@type\":\"SearchAction\",\"target\":{\"@type\":\"EntryPoint\",\"urlTemplate\":\"http:\\\/\\\/www.alergoasma.es\\\/web01\\\/?s={search_term_string}\"},\"query-input\":{\"@type\":\"PropertyValueSpecification\",\"valueRequired\":true,\"valueName\":\"search_term_string\"}}],\"inLanguage\":\"es\"},{\"@type\":\"Organization\",\"@id\":\"http:\\\/\\\/www.alergoasma.es\\\/web01\\\/#organization\",\"name\":\"CL\u00cdNICA ALERGOASMA\",\"url\":\"http:\\\/\\\/www.alergoasma.es\\\/web01\\\/\",\"logo\":{\"@type\":\"ImageObject\",\"inLanguage\":\"es\",\"@id\":\"http:\\\/\\\/www.alergoasma.es\\\/web01\\\/#\\\/schema\\\/logo\\\/image\\\/\",\"url\":\"https:\\\/\\\/www.alergoasma.es\\\/web01\\\/wp-content\\\/uploads\\\/2019\\\/01\\\/IMG_20190114_172912_864.jpg\",\"contentUrl\":\"https:\\\/\\\/www.alergoasma.es\\\/web01\\\/wp-content\\\/uploads\\\/2019\\\/01\\\/IMG_20190114_172912_864.jpg\",\"width\":4032,\"height\":3024,\"caption\":\"CL\u00cdNICA ALERGOASMA\"},\"image\":{\"@id\":\"http:\\\/\\\/www.alergoasma.es\\\/web01\\\/#\\\/schema\\\/logo\\\/image\\\/\"},\"sameAs\":[\"https:\\\/\\\/x.com\\\/alergoasma\"]}]}<\/script>\n<!-- \/ Yoast SEO plugin. -->","yoast_head_json":{"title":"P\u00f3lenes en el aire de Salamanca %","description":"P\u00f3lenes alerg\u00e9nicos en Salamanca","robots":{"index":"index","follow":"follow","max-snippet":"max-snippet:-1","max-image-preview":"max-image-preview:large","max-video-preview":"max-video-preview:-1"},"canonical":"https:\/\/www.alergoasma.es\/web01\/recuento-de-polenes\/","og_locale":"es_ES","og_type":"article","og_title":"P\u00f3lenes en el aire de Salamanca %","og_description":"P\u00f3lenes alerg\u00e9nicos en Salamanca","og_url":"https:\/\/www.alergoasma.es\/web01\/recuento-de-polenes\/","og_site_name":"Alergoasma","article_modified_time":"2026-04-20T11:42:47+00:00","og_image":[{"width":1417,"height":455,"url":"https:\/\/www.alergoasma.es\/web01\/wp-content\/uploads\/2026\/04\/Captura-de-pantalla-2026-04-20-134217.jpg","type":"image\/jpeg"}],"twitter_card":"summary_large_image","twitter_site":"@alergoasma","twitter_misc":{"Tiempo de lectura":"1 minuto"},"schema":{"@context":"https:\/\/schema.org","@graph":[{"@type":"WebPage","@id":"https:\/\/www.alergoasma.es\/web01\/recuento-de-polenes\/","url":"https:\/\/www.alergoasma.es\/web01\/recuento-de-polenes\/","name":"P\u00f3lenes en el aire de Salamanca %","isPartOf":{"@id":"http:\/\/www.alergoasma.es\/web01\/#website"},"primaryImageOfPage":{"@id":"https:\/\/www.alergoasma.es\/web01\/recuento-de-polenes\/#primaryimage"},"image":{"@id":"https:\/\/www.alergoasma.es\/web01\/recuento-de-polenes\/#primaryimage"},"thumbnailUrl":"https:\/\/www.alergoasma.es\/web01\/wp-content\/uploads\/2026\/04\/Captura-de-pantalla-2026-04-20-134217.jpg","datePublished":"2016-02-26T20:26:55+00:00","dateModified":"2026-04-20T11:42:47+00:00","description":"P\u00f3lenes alerg\u00e9nicos en Salamanca","breadcrumb":{"@id":"https:\/\/www.alergoasma.es\/web01\/recuento-de-polenes\/#breadcrumb"},"inLanguage":"es","potentialAction":[{"@type":"ReadAction","target":["https:\/\/www.alergoasma.es\/web01\/recuento-de-polenes\/"]}]},{"@type":"ImageObject","inLanguage":"es","@id":"https:\/\/www.alergoasma.es\/web01\/recuento-de-polenes\/#primaryimage","url":"https:\/\/www.alergoasma.es\/web01\/wp-content\/uploads\/2026\/04\/Captura-de-pantalla-2026-04-20-134217.jpg","contentUrl":"https:\/\/www.alergoasma.es\/web01\/wp-content\/uploads\/2026\/04\/Captura-de-pantalla-2026-04-20-134217.jpg","width":1417,"height":455},{"@type":"BreadcrumbList","@id":"https:\/\/www.alergoasma.es\/web01\/recuento-de-polenes\/#breadcrumb","itemListElement":[{"@type":"ListItem","position":1,"name":"Portada","item":"http:\/\/www.alergoasma.es\/web01\/"},{"@type":"ListItem","position":2,"name":"Recuento de polen en Salamanca"}]},{"@type":"WebSite","@id":"http:\/\/www.alergoasma.es\/web01\/#website","url":"http:\/\/www.alergoasma.es\/web01\/","name":"Alergoasma","description":"Clinica de alergia y asma en Salamanca","publisher":{"@id":"http:\/\/www.alergoasma.es\/web01\/#organization"},"potentialAction":[{"@type":"SearchAction","target":{"@type":"EntryPoint","urlTemplate":"http:\/\/www.alergoasma.es\/web01\/?s={search_term_string}"},"query-input":{"@type":"PropertyValueSpecification","valueRequired":true,"valueName":"search_term_string"}}],"inLanguage":"es"},{"@type":"Organization","@id":"http:\/\/www.alergoasma.es\/web01\/#organization","name":"CL\u00cdNICA ALERGOASMA","url":"http:\/\/www.alergoasma.es\/web01\/","logo":{"@type":"ImageObject","inLanguage":"es","@id":"http:\/\/www.alergoasma.es\/web01\/#\/schema\/logo\/image\/","url":"https:\/\/www.alergoasma.es\/web01\/wp-content\/uploads\/2019\/01\/IMG_20190114_172912_864.jpg","contentUrl":"https:\/\/www.alergoasma.es\/web01\/wp-content\/uploads\/2019\/01\/IMG_20190114_172912_864.jpg","width":4032,"height":3024,"caption":"CL\u00cdNICA ALERGOASMA"},"image":{"@id":"http:\/\/www.alergoasma.es\/web01\/#\/schema\/logo\/image\/"},"sameAs":["https:\/\/x.com\/alergoasma"]}]}},"_links":{"self":[{"href":"https:\/\/www.alergoasma.es\/web01\/wp-json\/wp\/v2\/pages\/23","targetHints":{"allow":["GET"]}}],"collection":[{"href":"https:\/\/www.alergoasma.es\/web01\/wp-json\/wp\/v2\/pages"}],"about":[{"href":"https:\/\/www.alergoasma.es\/web01\/wp-json\/wp\/v2\/types\/page"}],"author":[{"embeddable":true,"href":"https:\/\/www.alergoasma.es\/web01\/wp-json\/wp\/v2\/users\/1"}],"replies":[{"embeddable":true,"href":"https:\/\/www.alergoasma.es\/web01\/wp-json\/wp\/v2\/comments?post=23"}],"version-history":[{"count":388,"href":"https:\/\/www.alergoasma.es\/web01\/wp-json\/wp\/v2\/pages\/23\/revisions"}],"predecessor-version":[{"id":1441,"href":"https:\/\/www.alergoasma.es\/web01\/wp-json\/wp\/v2\/pages\/23\/revisions\/1441"}],"wp:attachment":[{"href":"https:\/\/www.alergoasma.es\/web01\/wp-json\/wp\/v2\/media?parent=23"}],"curies":[{"name":"wp","href":"https:\/\/api.w.org\/{rel}","templated":true}]}}